{"id":1360,"date":"2022-03-25T23:07:40","date_gmt":"2022-03-25T22:07:40","guid":{"rendered":"https:\/\/uno-pronto.de\/?post_type=product&#038;p=1360"},"modified":"2022-09-06T02:19:30","modified_gmt":"2022-09-06T00:19:30","slug":"mini-fruehlingsrollen","status":"publish","type":"product","link":"https:\/\/uno-pronto.de\/startseite\/produkt\/mini-fruehlingsrollen\/","title":{"rendered":"Mini Fr\u00fchlingsrollen"},"content":{"rendered":"<p>Beispielbild<\/p>\n","protected":false},"excerpt":{"rendered":"<p>mit Gem\u00fcse gef\u00fcllt (6 St\u00fcck) inl. Dip<\/p>\n","protected":false},"featured_media":1950,"template":"","meta":[],"product_brand":[],"product_cat":[34],"product_tag":[167],"class_list":{"0":"post-1360","1":"product","2":"type-product","3":"status-publish","4":"has-post-thumbnail","6":"product_cat-fingerfood","7":"product_tag-fingerfood","8":"tm-has-options","10":"first","11":"instock","12":"taxable","13":"shipping-taxable","14":"purchasable","15":"product-type-simple"},"ams_default_variation_id":0,"ams_product_points_reward":[],"ams_product_discount_percentage":0,"ams_price_to_display":4.79999999999999982236431605997495353221893310546875,"ams_acf":[],"blog_post_layout_featured_media_urls":{"thumbnail":["https:\/\/uno-pronto.de\/wp-content\/uploads\/2022\/03\/Fruehlingsrolen_1-150x150.jpg",150,150,true],"full":["https:\/\/uno-pronto.de\/wp-content\/uploads\/2022\/03\/Fruehlingsrolen_1.jpg",600,600,false]},"categories":null,"categories_names":null,"comments_number":"0","_links":{"self":[{"href":"https:\/\/uno-pronto.de\/startseite\/wp-json\/wp\/v2\/product\/1360","targetHints":{"allow":["GET"]}}],"collection":[{"href":"https:\/\/uno-pronto.de\/startseite\/wp-json\/wp\/v2\/product"}],"about":[{"href":"https:\/\/uno-pronto.de\/startseite\/wp-json\/wp\/v2\/types\/product"}],"wp:featuredmedia":[{"embeddable":true,"href":"https:\/\/uno-pronto.de\/startseite\/wp-json\/wp\/v2\/media\/1950"}],"wp:attachment":[{"href":"https:\/\/uno-pronto.de\/startseite\/wp-json\/wp\/v2\/media?parent=1360"}],"wp:term":[{"taxonomy":"product_brand","embeddable":true,"href":"https:\/\/uno-pronto.de\/startseite\/wp-json\/wp\/v2\/product_brand?post=1360"},{"taxonomy":"product_cat","embeddable":true,"href":"https:\/\/uno-pronto.de\/startseite\/wp-json\/wp\/v2\/product_cat?post=1360"},{"taxonomy":"product_tag","embeddable":true,"href":"https:\/\/uno-pronto.de\/startseite\/wp-json\/wp\/v2\/product_tag?post=1360"}],"curies":[{"name":"wp","href":"https:\/\/api.w.org\/{rel}","templated":true}]}}