{"id":1264,"date":"2022-03-21T19:10:44","date_gmt":"2022-03-21T18:10:44","guid":{"rendered":"https:\/\/uno-pronto.de\/?post_type=product&#038;p=1264"},"modified":"2022-09-06T02:19:20","modified_gmt":"2022-09-06T00:19:20","slug":"chicken","status":"publish","type":"product","link":"https:\/\/uno-pronto.de\/startseite\/produkt\/chicken\/","title":{"rendered":"Chicken"},"content":{"rendered":"","protected":false},"excerpt":{"rendered":"<p>H\u00e4hnchen, Kartoffeln, Broccoli, Sahnesauce, K\u00e4se \u00fcberbacken<\/p>\n","protected":false},"featured_media":0,"template":"","meta":[],"product_brand":[],"product_cat":[32],"product_tag":[128],"class_list":{"0":"post-1264","1":"product","2":"type-product","3":"status-publish","5":"product_cat-auflauf","6":"product_tag-chicken","7":"tm-has-options","9":"first","10":"instock","11":"taxable","12":"shipping-taxable","13":"purchasable","14":"product-type-simple"},"ams_default_variation_id":0,"ams_product_points_reward":[],"ams_product_discount_percentage":0,"ams_price_to_display":12.4000000000000003552713678800500929355621337890625,"ams_acf":[],"blog_post_layout_featured_media_urls":{"thumbnail":"","full":""},"categories":null,"categories_names":null,"comments_number":"0","_links":{"self":[{"href":"https:\/\/uno-pronto.de\/startseite\/wp-json\/wp\/v2\/product\/1264","targetHints":{"allow":["GET"]}}],"collection":[{"href":"https:\/\/uno-pronto.de\/startseite\/wp-json\/wp\/v2\/product"}],"about":[{"href":"https:\/\/uno-pronto.de\/startseite\/wp-json\/wp\/v2\/types\/product"}],"wp:attachment":[{"href":"https:\/\/uno-pronto.de\/startseite\/wp-json\/wp\/v2\/media?parent=1264"}],"wp:term":[{"taxonomy":"product_brand","embeddable":true,"href":"https:\/\/uno-pronto.de\/startseite\/wp-json\/wp\/v2\/product_brand?post=1264"},{"taxonomy":"product_cat","embeddable":true,"href":"https:\/\/uno-pronto.de\/startseite\/wp-json\/wp\/v2\/product_cat?post=1264"},{"taxonomy":"product_tag","embeddable":true,"href":"https:\/\/uno-pronto.de\/startseite\/wp-json\/wp\/v2\/product_tag?post=1264"}],"curies":[{"name":"wp","href":"https:\/\/api.w.org\/{rel}","templated":true}]}}