{"id":1167,"date":"2022-03-19T19:53:14","date_gmt":"2022-03-19T18:53:14","guid":{"rendered":"https:\/\/uno-pronto.de\/?post_type=product&#038;p=1167"},"modified":"2022-09-06T02:19:13","modified_gmt":"2022-09-06T00:19:13","slug":"speziale-26-cm","status":"publish","type":"product","link":"https:\/\/uno-pronto.de\/startseite\/produkt\/speziale-26-cm\/","title":{"rendered":"D\u00f6ner Pizza 26 cm"},"content":{"rendered":"","protected":false},"excerpt":{"rendered":"<p>Tomaten, K\u00e4se, D\u00f6nerfleisch, Zwiebeln<\/p>\n","protected":false},"featured_media":0,"template":"","meta":[],"product_brand":[],"product_cat":[50],"product_tag":[121],"class_list":{"0":"post-1167","1":"product","2":"type-product","3":"status-publish","5":"product_cat-single-ca-26-cm","6":"product_tag-doener-pizza","7":"tm-has-options","9":"first","10":"instock","11":"taxable","12":"shipping-taxable","13":"purchasable","14":"product-type-simple"},"ams_default_variation_id":0,"ams_product_points_reward":[],"ams_product_discount_percentage":0,"ams_price_to_display":10.5,"ams_acf":[],"blog_post_layout_featured_media_urls":{"thumbnail":"","full":""},"categories":null,"categories_names":null,"comments_number":"0","_links":{"self":[{"href":"https:\/\/uno-pronto.de\/startseite\/wp-json\/wp\/v2\/product\/1167","targetHints":{"allow":["GET"]}}],"collection":[{"href":"https:\/\/uno-pronto.de\/startseite\/wp-json\/wp\/v2\/product"}],"about":[{"href":"https:\/\/uno-pronto.de\/startseite\/wp-json\/wp\/v2\/types\/product"}],"wp:attachment":[{"href":"https:\/\/uno-pronto.de\/startseite\/wp-json\/wp\/v2\/media?parent=1167"}],"wp:term":[{"taxonomy":"product_brand","embeddable":true,"href":"https:\/\/uno-pronto.de\/startseite\/wp-json\/wp\/v2\/product_brand?post=1167"},{"taxonomy":"product_cat","embeddable":true,"href":"https:\/\/uno-pronto.de\/startseite\/wp-json\/wp\/v2\/product_cat?post=1167"},{"taxonomy":"product_tag","embeddable":true,"href":"https:\/\/uno-pronto.de\/startseite\/wp-json\/wp\/v2\/product_tag?post=1167"}],"curies":[{"name":"wp","href":"https:\/\/api.w.org\/{rel}","templated":true}]}}